{"id":376,"date":"2022-08-03T17:01:22","date_gmt":"2022-08-03T16:01:22","guid":{"rendered":"http:\/\/lousido.com\/?page_id=376"},"modified":"2024-03-28T13:20:16","modified_gmt":"2024-03-28T13:20:16","slug":"propos-de-nous","status":"publish","type":"page","link":"https:\/\/lousido.com\/en\/propos-de-nous\/","title":{"rendered":"About us."},"content":{"rendered":"<h2 class=\"wp-block-heading has-text-align-center\">Welcome to lousido.com<\/h2>\n\n\n\n<p>We are a real estate directory listing platform solely for furnished accommodation, connecting owners, real estate agents and tenants from all cities in Cameroon, namely Douala, Yaound\u00e9, Bafoussam, etc. Our platform makes the process of finding furnished accommodation for rent simple, transparent and efficient by providing the appropriate tools and resources. Here are the key elements we offer:<\/p>\n\n\n\n<p><strong>Many furnished property listings. <\/strong><\/p>\n\n\n\n<p>We have one of the largest databases of furnished property listings in Cameroon. Our listings include detailed information about each property as well as high-resolution photos.<\/p>\n\n\n\n<p><strong>Advanced search tools. <\/strong><\/p>\n\n\n\n<p>Renters or clients can filter and sort property listings based on price, location, number of bedrooms, amenities, and other criteria to find the perfect fit.<\/p>\n\n\n\n<p><br>Our goal is to facilitate the search for furnished houses for rent in Cameroon, that is to say to put a tenant in contact with the owner of the property or a real estate agent.<\/p>\n\n\n\n<p><br>With a personalized search based on our regions, this allows you to see all the <strong><a href=\"http:\/\/lousido.com\/wp-admin\/term.php?taxonomy=hp_listing_category&amp;tag_ID=42&amp;post_type=hp_listing&amp;wp_http_referer=%2Fwp-admin%2Fedit-tags.php%3Ftaxonomy%3Dhp_listing_category%26post_type%3Dhp_listing\">Furnished Apartment<\/a><\/strong>, <strong><a href=\"http:\/\/lousido.com\/wp-admin\/term.php?taxonomy=hp_listing_category&amp;tag_ID=86&amp;post_type=hp_listing&amp;wp_http_referer=%2Fwp-admin%2Fedit-tags.php%3Ftaxonomy%3Dhp_listing_category%26post_type%3Dhp_listing\">Furnished Villa<\/a><\/strong>, <strong><a href=\"http:\/\/lousido.com\/wp-admin\/term.php?taxonomy=hp_listing_category&amp;tag_ID=43&amp;post_type=hp_listing&amp;wp_http_referer=%2Fwp-admin%2Fedit-tags.php%3Ftaxonomy%3Dhp_listing_category%26post_type%3Dhp_listing\">Furnished Studio<\/a><\/strong> And <strong><a href=\"http:\/\/lousido.com\/wp-admin\/term.php?taxonomy=hp_listing_category&amp;tag_ID=85&amp;post_type=hp_listing&amp;wp_http_referer=%2Fwp-admin%2Fedit-tags.php%3Ftaxonomy%3Dhp_listing_category%26post_type%3Dhp_listing\">Furnished Room<\/a><\/strong> for rent around you or your preferred location.<\/p>\n\n\n\n<p><\/p>\n\n\n\n<p><\/p>\n\n\n\n<p><\/p>\n\n\n\n<h2 class=\"wp-block-heading\">Who can post an ad?<\/h2>\n\n\n\n<p>Anyone with a property to rent, real estate agents or landlords can submit an ad on lousido.com<\/p>\n\n\n\n<p>Property owners are permitted to post listings in any city&#039;s real estate directory. This policy ensures that all listings are accurate, legitimate, and comply with local regulations. Allowing only verified property professionals and owners helps protect buyers and renters from potential fraud and scams.<\/p>\n\n\n\n<p>The directory presents users with legitimate options they can trust, such as verified badges from trusted sources. Users looking for a new home or tenant can be confident that listings meet legal standards and reflect available properties.<\/p>\n\n\n\n<blockquote class=\"wp-block-quote is-layout-flow wp-block-quote-is-layout-flow\">\n<p><\/p>\n\n\n\n<p><\/p>\n<\/blockquote>","protected":false},"excerpt":{"rendered":"<p>Bienvenue sur lousido.com Nous sommes une plateforme de r\u00e9f\u00e9rencement d&rsquo;annuaires immobiliers uniquement pour les logements meubl\u00e9s, mettant en relation les propri\u00e9taires, les agents immobiliers et les locataires de toutes les villes du Cameroun, \u00e0 savoir Douala, Yaound\u00e9, Bafoussam, etc. Notre plateforme rend les processus de recherche de logements meubl\u00e9s pour la location simples, transparents et [&hellip;]<\/p>\n","protected":false},"author":1,"featured_media":329,"parent":0,"menu_order":0,"comment_status":"closed","ping_status":"closed","template":"","meta":{"_joinchat":[],"footnotes":""},"class_list":["post-376","page","type-page","status-publish","has-post-thumbnail","hentry"],"yoast_head":"<!-- This site is optimized with the Yoast SEO plugin v27.5 - https:\/\/yoast.com\/product\/yoast-seo-wordpress\/ -->\n<title>Propos de nous. - lousido.com - Trouvez des biens et agent immobilier<\/title>\n<meta name=\"description\" content=\"Immobilier. Il s&#039;agit d&#039;un site Web d&#039;annonces publiques permettant aux camerounais de r\u00e9pertorier les biens immobiliers \u00e0 vendre ou \u00e0 louer.\" \/>\n<meta name=\"robots\" content=\"index, follow, max-snippet:-1, max-image-preview:large, max-video-preview:-1\" \/>\n<link rel=\"canonical\" href=\"https:\/\/lousido.com\/en\/propos-de-nous\/\" \/>\n<meta property=\"og:locale\" content=\"en_US\" \/>\n<meta property=\"og:type\" content=\"article\" \/>\n<meta property=\"og:title\" content=\"Propos de nous. - lousido.com - Trouvez des biens et agent immobilier\" \/>\n<meta property=\"og:description\" content=\"Immobilier. Il s&#039;agit d&#039;un site Web d&#039;annonces publiques permettant aux camerounais de r\u00e9pertorier les biens immobiliers \u00e0 vendre ou \u00e0 louer.\" \/>\n<meta property=\"og:url\" content=\"https:\/\/lousido.com\/en\/propos-de-nous\/\" \/>\n<meta property=\"og:site_name\" content=\"lousido.com\" \/>\n<meta property=\"article:modified_time\" content=\"2024-03-28T13:20:16+00:00\" \/>\n<meta property=\"og:image\" content=\"https:\/\/lousido.com\/wp-content\/uploads\/2022\/08\/douala-cameroon-2.jpg\" \/>\n\t<meta property=\"og:image:width\" content=\"900\" \/>\n\t<meta property=\"og:image:height\" content=\"600\" \/>\n\t<meta property=\"og:image:type\" content=\"image\/jpeg\" \/>\n<meta name=\"twitter:card\" content=\"summary_large_image\" \/>\n<meta name=\"twitter:label1\" content=\"Est. reading time\" \/>\n\t<meta name=\"twitter:data1\" content=\"2 minutes\" \/>\n<script type=\"application\/ld+json\" class=\"yoast-schema-graph\">{\"@context\":\"https:\\\/\\\/schema.org\",\"@graph\":[{\"@type\":\"WebPage\",\"@id\":\"https:\\\/\\\/lousido.com\\\/propos-de-nous\\\/\",\"url\":\"https:\\\/\\\/lousido.com\\\/propos-de-nous\\\/\",\"name\":\"Propos de nous. - lousido.com - Trouvez des biens et agent immobilier\",\"isPartOf\":{\"@id\":\"https:\\\/\\\/lousido.com\\\/#website\"},\"primaryImageOfPage\":{\"@id\":\"https:\\\/\\\/lousido.com\\\/propos-de-nous\\\/#primaryimage\"},\"image\":{\"@id\":\"https:\\\/\\\/lousido.com\\\/propos-de-nous\\\/#primaryimage\"},\"thumbnailUrl\":\"https:\\\/\\\/lousido.com\\\/wp-content\\\/uploads\\\/2022\\\/08\\\/douala-cameroon-2.jpg\",\"datePublished\":\"2022-08-03T16:01:22+00:00\",\"dateModified\":\"2024-03-28T13:20:16+00:00\",\"description\":\"Immobilier. Il s'agit d'un site Web d'annonces publiques permettant aux camerounais de r\u00e9pertorier les biens immobiliers \u00e0 vendre ou \u00e0 louer.\",\"breadcrumb\":{\"@id\":\"https:\\\/\\\/lousido.com\\\/propos-de-nous\\\/#breadcrumb\"},\"inLanguage\":\"en-US\",\"potentialAction\":[{\"@type\":\"ReadAction\",\"target\":[\"https:\\\/\\\/lousido.com\\\/propos-de-nous\\\/\"]}]},{\"@type\":\"ImageObject\",\"inLanguage\":\"en-US\",\"@id\":\"https:\\\/\\\/lousido.com\\\/propos-de-nous\\\/#primaryimage\",\"url\":\"https:\\\/\\\/lousido.com\\\/wp-content\\\/uploads\\\/2022\\\/08\\\/douala-cameroon-2.jpg\",\"contentUrl\":\"https:\\\/\\\/lousido.com\\\/wp-content\\\/uploads\\\/2022\\\/08\\\/douala-cameroon-2.jpg\",\"width\":900,\"height\":600,\"caption\":\"douala cameroon\"},{\"@type\":\"BreadcrumbList\",\"@id\":\"https:\\\/\\\/lousido.com\\\/propos-de-nous\\\/#breadcrumb\",\"itemListElement\":[{\"@type\":\"ListItem\",\"position\":1,\"name\":\"Home\",\"item\":\"https:\\\/\\\/lousido.com\\\/\"},{\"@type\":\"ListItem\",\"position\":2,\"name\":\"Propos de nous.\"}]},{\"@type\":\"WebSite\",\"@id\":\"https:\\\/\\\/lousido.com\\\/#website\",\"url\":\"https:\\\/\\\/lousido.com\\\/\",\"name\":\"lousido.com\",\"description\":\"Appartements et maisons \u00e0 louer \u00e0 Yaound\u00e9, Douala, Bafoussam e.t.c\",\"publisher\":{\"@id\":\"https:\\\/\\\/lousido.com\\\/#organization\"},\"potentialAction\":[{\"@type\":\"SearchAction\",\"target\":{\"@type\":\"EntryPoint\",\"urlTemplate\":\"https:\\\/\\\/lousido.com\\\/?s={search_term_string}\"},\"query-input\":{\"@type\":\"PropertyValueSpecification\",\"valueRequired\":true,\"valueName\":\"search_term_string\"}}],\"inLanguage\":\"en-US\"},{\"@type\":\"Organization\",\"@id\":\"https:\\\/\\\/lousido.com\\\/#organization\",\"name\":\"lousido.com\",\"url\":\"https:\\\/\\\/lousido.com\\\/\",\"logo\":{\"@type\":\"ImageObject\",\"inLanguage\":\"en-US\",\"@id\":\"https:\\\/\\\/lousido.com\\\/#\\\/schema\\\/logo\\\/image\\\/\",\"url\":\"https:\\\/\\\/lousido.com\\\/wp-content\\\/uploads\\\/2024\\\/04\\\/Logo-05-2.png\",\"contentUrl\":\"https:\\\/\\\/lousido.com\\\/wp-content\\\/uploads\\\/2024\\\/04\\\/Logo-05-2.png\",\"width\":200,\"height\":53,\"caption\":\"lousido.com\"},\"image\":{\"@id\":\"https:\\\/\\\/lousido.com\\\/#\\\/schema\\\/logo\\\/image\\\/\"}}]}<\/script>\n<!-- \/ Yoast SEO plugin. -->","yoast_head_json":{"title":"Propos de nous. - lousido.com - Trouvez des biens et agent immobilier","description":"Immobilier. Il s'agit d'un site Web d'annonces publiques permettant aux camerounais de r\u00e9pertorier les biens immobiliers \u00e0 vendre ou \u00e0 louer.","robots":{"index":"index","follow":"follow","max-snippet":"max-snippet:-1","max-image-preview":"max-image-preview:large","max-video-preview":"max-video-preview:-1"},"canonical":"https:\/\/lousido.com\/en\/propos-de-nous\/","og_locale":"en_US","og_type":"article","og_title":"Propos de nous. - lousido.com - Trouvez des biens et agent immobilier","og_description":"Immobilier. Il s'agit d'un site Web d'annonces publiques permettant aux camerounais de r\u00e9pertorier les biens immobiliers \u00e0 vendre ou \u00e0 louer.","og_url":"https:\/\/lousido.com\/en\/propos-de-nous\/","og_site_name":"lousido.com","article_modified_time":"2024-03-28T13:20:16+00:00","og_image":[{"width":900,"height":600,"url":"https:\/\/lousido.com\/wp-content\/uploads\/2022\/08\/douala-cameroon-2.jpg","type":"image\/jpeg"}],"twitter_card":"summary_large_image","twitter_misc":{"Est. reading time":"2 minutes"},"schema":{"@context":"https:\/\/schema.org","@graph":[{"@type":"WebPage","@id":"https:\/\/lousido.com\/propos-de-nous\/","url":"https:\/\/lousido.com\/propos-de-nous\/","name":"Propos de nous. - lousido.com - Trouvez des biens et agent immobilier","isPartOf":{"@id":"https:\/\/lousido.com\/#website"},"primaryImageOfPage":{"@id":"https:\/\/lousido.com\/propos-de-nous\/#primaryimage"},"image":{"@id":"https:\/\/lousido.com\/propos-de-nous\/#primaryimage"},"thumbnailUrl":"https:\/\/lousido.com\/wp-content\/uploads\/2022\/08\/douala-cameroon-2.jpg","datePublished":"2022-08-03T16:01:22+00:00","dateModified":"2024-03-28T13:20:16+00:00","description":"Immobilier. Il s'agit d'un site Web d'annonces publiques permettant aux camerounais de r\u00e9pertorier les biens immobiliers \u00e0 vendre ou \u00e0 louer.","breadcrumb":{"@id":"https:\/\/lousido.com\/propos-de-nous\/#breadcrumb"},"inLanguage":"en-US","potentialAction":[{"@type":"ReadAction","target":["https:\/\/lousido.com\/propos-de-nous\/"]}]},{"@type":"ImageObject","inLanguage":"en-US","@id":"https:\/\/lousido.com\/propos-de-nous\/#primaryimage","url":"https:\/\/lousido.com\/wp-content\/uploads\/2022\/08\/douala-cameroon-2.jpg","contentUrl":"https:\/\/lousido.com\/wp-content\/uploads\/2022\/08\/douala-cameroon-2.jpg","width":900,"height":600,"caption":"douala cameroon"},{"@type":"BreadcrumbList","@id":"https:\/\/lousido.com\/propos-de-nous\/#breadcrumb","itemListElement":[{"@type":"ListItem","position":1,"name":"Home","item":"https:\/\/lousido.com\/"},{"@type":"ListItem","position":2,"name":"Propos de nous."}]},{"@type":"WebSite","@id":"https:\/\/lousido.com\/#website","url":"https:\/\/lousido.com\/","name":"lousido.com","description":"Apartments and houses for rent in Yaound\u00e9, Douala, Bafoussam etc.","publisher":{"@id":"https:\/\/lousido.com\/#organization"},"potentialAction":[{"@type":"SearchAction","target":{"@type":"EntryPoint","urlTemplate":"https:\/\/lousido.com\/?s={search_term_string}"},"query-input":{"@type":"PropertyValueSpecification","valueRequired":true,"valueName":"search_term_string"}}],"inLanguage":"en-US"},{"@type":"Organization","@id":"https:\/\/lousido.com\/#organization","name":"lousido.com","url":"https:\/\/lousido.com\/","logo":{"@type":"ImageObject","inLanguage":"en-US","@id":"https:\/\/lousido.com\/#\/schema\/logo\/image\/","url":"https:\/\/lousido.com\/wp-content\/uploads\/2024\/04\/Logo-05-2.png","contentUrl":"https:\/\/lousido.com\/wp-content\/uploads\/2024\/04\/Logo-05-2.png","width":200,"height":53,"caption":"lousido.com"},"image":{"@id":"https:\/\/lousido.com\/#\/schema\/logo\/image\/"}}]}},"_links":{"self":[{"href":"https:\/\/lousido.com\/en\/wp-json\/wp\/v2\/pages\/376","targetHints":{"allow":["GET"]}}],"collection":[{"href":"https:\/\/lousido.com\/en\/wp-json\/wp\/v2\/pages"}],"about":[{"href":"https:\/\/lousido.com\/en\/wp-json\/wp\/v2\/types\/page"}],"author":[{"embeddable":true,"href":"https:\/\/lousido.com\/en\/wp-json\/wp\/v2\/users\/1"}],"replies":[{"embeddable":true,"href":"https:\/\/lousido.com\/en\/wp-json\/wp\/v2\/comments?post=376"}],"version-history":[{"count":6,"href":"https:\/\/lousido.com\/en\/wp-json\/wp\/v2\/pages\/376\/revisions"}],"predecessor-version":[{"id":4039,"href":"https:\/\/lousido.com\/en\/wp-json\/wp\/v2\/pages\/376\/revisions\/4039"}],"wp:featuredmedia":[{"embeddable":true,"href":"https:\/\/lousido.com\/en\/wp-json\/wp\/v2\/media\/329"}],"wp:attachment":[{"href":"https:\/\/lousido.com\/en\/wp-json\/wp\/v2\/media?parent=376"}],"curies":[{"name":"wp","href":"https:\/\/api.w.org\/{rel}","templated":true}]}}