{"id":15,"date":"2021-09-11T19:00:51","date_gmt":"2021-09-11T19:00:51","guid":{"rendered":"https:\/\/rentalhive.hivepress.io\/?page_id=15"},"modified":"2024-03-28T12:42:25","modified_gmt":"2024-03-28T12:42:25","slug":"recherche-appartement-meuble-a-louer-yaounde-douala-cameroun","status":"publish","type":"page","link":"https:\/\/lousido.com\/en\/recherche-appartement-meuble-a-louer-yaounde-douala-cameroun\/","title":{"rendered":"Properties"},"content":{"rendered":"<p>Recherche un appartement meubl\u00e9 \u00e0 Douala%%sep%% maison meubl\u00e9 \u00e0 louer  Yaound\u00e9 et Douala %%sep%% studios meubl\u00e9 \u00e0 louer, chambres meubl\u00e9 \u00e0 louer<\/p>","protected":false},"excerpt":{"rendered":"<p>Recherche un appartement meubl\u00e9 \u00e0 Douala%%sep%% maison meubl\u00e9 \u00e0 louer Yaound\u00e9 et Douala %%sep%% studios meubl\u00e9 \u00e0 louer, chambres meubl\u00e9 \u00e0 louer<\/p>","protected":false},"author":1,"featured_media":458,"parent":0,"menu_order":0,"comment_status":"closed","ping_status":"closed","template":"","meta":{"_joinchat":[],"footnotes":""},"class_list":["post-15","page","type-page","status-publish","has-post-thumbnail","hentry"],"yoast_head":"<!-- This site is optimized with the Yoast SEO plugin v27.5 - https:\/\/yoast.com\/product\/yoast-seo-wordpress\/ -->\n<title>Appartement meubl\u00e9 \u00e0 louer Yaounde, Douala, Cameroun<\/title>\n<meta name=\"description\" content=\"Recherche un appartement meubl\u00e9 \u00e0 Douala, et Yaounde- studio meubl\u00e9, - chambre meubl\u00e9 ou Villa Meubl\u00e9 dans tout les ville du Cameroun.\" \/>\n<meta name=\"robots\" content=\"index, follow, max-snippet:-1, max-image-preview:large, max-video-preview:-1\" \/>\n<link rel=\"canonical\" href=\"https:\/\/lousido.com\/en\/recherche-appartement-meuble-a-louer-yaounde-douala-cameroun\/\" \/>\n<meta property=\"og:locale\" content=\"en_US\" \/>\n<meta property=\"og:type\" content=\"article\" \/>\n<meta property=\"og:title\" content=\"Appartement meubl\u00e9 \u00e0 louer Yaounde, Douala, Cameroun\" \/>\n<meta property=\"og:description\" content=\"Recherche un appartement meubl\u00e9 \u00e0 Douala, et Yaounde- studio meubl\u00e9, - chambre meubl\u00e9 ou Villa Meubl\u00e9 dans tout les ville du Cameroun.\" \/>\n<meta property=\"og:url\" content=\"https:\/\/lousido.com\/en\/recherche-appartement-meuble-a-louer-yaounde-douala-cameroun\/\" \/>\n<meta property=\"og:site_name\" content=\"lousido.com\" \/>\n<meta property=\"article:modified_time\" content=\"2024-03-28T12:42:25+00:00\" \/>\n<meta property=\"og:image\" content=\"https:\/\/lousido.com\/wp-content\/uploads\/2022\/08\/douala.jpg\" \/>\n\t<meta property=\"og:image:width\" content=\"550\" \/>\n\t<meta property=\"og:image:height\" content=\"367\" \/>\n\t<meta property=\"og:image:type\" content=\"image\/jpeg\" \/>\n<meta name=\"twitter:card\" content=\"summary_large_image\" \/>\n<meta name=\"twitter:label1\" content=\"Est. reading time\" \/>\n\t<meta name=\"twitter:data1\" content=\"1 minute\" \/>\n<script type=\"application\/ld+json\" class=\"yoast-schema-graph\">{\"@context\":\"https:\\\/\\\/schema.org\",\"@graph\":[{\"@type\":\"WebPage\",\"@id\":\"https:\\\/\\\/lousido.com\\\/recherche-appartement-meuble-a-louer-yaounde-douala-cameroun\\\/\",\"url\":\"https:\\\/\\\/lousido.com\\\/recherche-appartement-meuble-a-louer-yaounde-douala-cameroun\\\/\",\"name\":\"Appartement meubl\u00e9 \u00e0 louer Yaounde, Douala, Cameroun\",\"isPartOf\":{\"@id\":\"https:\\\/\\\/lousido.com\\\/#website\"},\"primaryImageOfPage\":{\"@id\":\"https:\\\/\\\/lousido.com\\\/recherche-appartement-meuble-a-louer-yaounde-douala-cameroun\\\/#primaryimage\"},\"image\":{\"@id\":\"https:\\\/\\\/lousido.com\\\/recherche-appartement-meuble-a-louer-yaounde-douala-cameroun\\\/#primaryimage\"},\"thumbnailUrl\":\"https:\\\/\\\/lousido.com\\\/wp-content\\\/uploads\\\/2022\\\/08\\\/douala.jpg\",\"datePublished\":\"2021-09-11T19:00:51+00:00\",\"dateModified\":\"2024-03-28T12:42:25+00:00\",\"description\":\"Recherche un appartement meubl\u00e9 \u00e0 Douala, et Yaounde- studio meubl\u00e9, - chambre meubl\u00e9 ou Villa Meubl\u00e9 dans tout les ville du Cameroun.\",\"breadcrumb\":{\"@id\":\"https:\\\/\\\/lousido.com\\\/recherche-appartement-meuble-a-louer-yaounde-douala-cameroun\\\/#breadcrumb\"},\"inLanguage\":\"en-US\",\"potentialAction\":[{\"@type\":\"ReadAction\",\"target\":[\"https:\\\/\\\/lousido.com\\\/recherche-appartement-meuble-a-louer-yaounde-douala-cameroun\\\/\"]}]},{\"@type\":\"ImageObject\",\"inLanguage\":\"en-US\",\"@id\":\"https:\\\/\\\/lousido.com\\\/recherche-appartement-meuble-a-louer-yaounde-douala-cameroun\\\/#primaryimage\",\"url\":\"https:\\\/\\\/lousido.com\\\/wp-content\\\/uploads\\\/2022\\\/08\\\/douala.jpg\",\"contentUrl\":\"https:\\\/\\\/lousido.com\\\/wp-content\\\/uploads\\\/2022\\\/08\\\/douala.jpg\",\"width\":550,\"height\":367,\"caption\":\"douala cameroun\"},{\"@type\":\"BreadcrumbList\",\"@id\":\"https:\\\/\\\/lousido.com\\\/recherche-appartement-meuble-a-louer-yaounde-douala-cameroun\\\/#breadcrumb\",\"itemListElement\":[{\"@type\":\"ListItem\",\"position\":1,\"name\":\"Home\",\"item\":\"https:\\\/\\\/lousido.com\\\/\"},{\"@type\":\"ListItem\",\"position\":2,\"name\":\"Propri\u00e9t\u00e9s\"}]},{\"@type\":\"WebSite\",\"@id\":\"https:\\\/\\\/lousido.com\\\/#website\",\"url\":\"https:\\\/\\\/lousido.com\\\/\",\"name\":\"lousido.com\",\"description\":\"Appartements et maisons \u00e0 louer \u00e0 Yaound\u00e9, Douala, Bafoussam e.t.c\",\"publisher\":{\"@id\":\"https:\\\/\\\/lousido.com\\\/#organization\"},\"potentialAction\":[{\"@type\":\"SearchAction\",\"target\":{\"@type\":\"EntryPoint\",\"urlTemplate\":\"https:\\\/\\\/lousido.com\\\/?s={search_term_string}\"},\"query-input\":{\"@type\":\"PropertyValueSpecification\",\"valueRequired\":true,\"valueName\":\"search_term_string\"}}],\"inLanguage\":\"en-US\"},{\"@type\":\"Organization\",\"@id\":\"https:\\\/\\\/lousido.com\\\/#organization\",\"name\":\"lousido.com\",\"url\":\"https:\\\/\\\/lousido.com\\\/\",\"logo\":{\"@type\":\"ImageObject\",\"inLanguage\":\"en-US\",\"@id\":\"https:\\\/\\\/lousido.com\\\/#\\\/schema\\\/logo\\\/image\\\/\",\"url\":\"https:\\\/\\\/lousido.com\\\/wp-content\\\/uploads\\\/2024\\\/04\\\/Logo-05-2.png\",\"contentUrl\":\"https:\\\/\\\/lousido.com\\\/wp-content\\\/uploads\\\/2024\\\/04\\\/Logo-05-2.png\",\"width\":200,\"height\":53,\"caption\":\"lousido.com\"},\"image\":{\"@id\":\"https:\\\/\\\/lousido.com\\\/#\\\/schema\\\/logo\\\/image\\\/\"}}]}<\/script>\n<!-- \/ Yoast SEO plugin. -->","yoast_head_json":{"title":"Appartement meubl\u00e9 \u00e0 louer Yaounde, Douala, Cameroun","description":"Recherche un appartement meubl\u00e9 \u00e0 Douala, et Yaounde- studio meubl\u00e9, - chambre meubl\u00e9 ou Villa Meubl\u00e9 dans tout les ville du Cameroun.","robots":{"index":"index","follow":"follow","max-snippet":"max-snippet:-1","max-image-preview":"max-image-preview:large","max-video-preview":"max-video-preview:-1"},"canonical":"https:\/\/lousido.com\/en\/recherche-appartement-meuble-a-louer-yaounde-douala-cameroun\/","og_locale":"en_US","og_type":"article","og_title":"Appartement meubl\u00e9 \u00e0 louer Yaounde, Douala, Cameroun","og_description":"Recherche un appartement meubl\u00e9 \u00e0 Douala, et Yaounde- studio meubl\u00e9, - chambre meubl\u00e9 ou Villa Meubl\u00e9 dans tout les ville du Cameroun.","og_url":"https:\/\/lousido.com\/en\/recherche-appartement-meuble-a-louer-yaounde-douala-cameroun\/","og_site_name":"lousido.com","article_modified_time":"2024-03-28T12:42:25+00:00","og_image":[{"width":550,"height":367,"url":"https:\/\/lousido.com\/wp-content\/uploads\/2022\/08\/douala.jpg","type":"image\/jpeg"}],"twitter_card":"summary_large_image","twitter_misc":{"Est. reading time":"1 minute"},"schema":{"@context":"https:\/\/schema.org","@graph":[{"@type":"WebPage","@id":"https:\/\/lousido.com\/recherche-appartement-meuble-a-louer-yaounde-douala-cameroun\/","url":"https:\/\/lousido.com\/recherche-appartement-meuble-a-louer-yaounde-douala-cameroun\/","name":"Appartement meubl\u00e9 \u00e0 louer Yaounde, Douala, Cameroun","isPartOf":{"@id":"https:\/\/lousido.com\/#website"},"primaryImageOfPage":{"@id":"https:\/\/lousido.com\/recherche-appartement-meuble-a-louer-yaounde-douala-cameroun\/#primaryimage"},"image":{"@id":"https:\/\/lousido.com\/recherche-appartement-meuble-a-louer-yaounde-douala-cameroun\/#primaryimage"},"thumbnailUrl":"https:\/\/lousido.com\/wp-content\/uploads\/2022\/08\/douala.jpg","datePublished":"2021-09-11T19:00:51+00:00","dateModified":"2024-03-28T12:42:25+00:00","description":"Recherche un appartement meubl\u00e9 \u00e0 Douala, et Yaounde- studio meubl\u00e9, - chambre meubl\u00e9 ou Villa Meubl\u00e9 dans tout les ville du Cameroun.","breadcrumb":{"@id":"https:\/\/lousido.com\/recherche-appartement-meuble-a-louer-yaounde-douala-cameroun\/#breadcrumb"},"inLanguage":"en-US","potentialAction":[{"@type":"ReadAction","target":["https:\/\/lousido.com\/recherche-appartement-meuble-a-louer-yaounde-douala-cameroun\/"]}]},{"@type":"ImageObject","inLanguage":"en-US","@id":"https:\/\/lousido.com\/recherche-appartement-meuble-a-louer-yaounde-douala-cameroun\/#primaryimage","url":"https:\/\/lousido.com\/wp-content\/uploads\/2022\/08\/douala.jpg","contentUrl":"https:\/\/lousido.com\/wp-content\/uploads\/2022\/08\/douala.jpg","width":550,"height":367,"caption":"douala cameroun"},{"@type":"BreadcrumbList","@id":"https:\/\/lousido.com\/recherche-appartement-meuble-a-louer-yaounde-douala-cameroun\/#breadcrumb","itemListElement":[{"@type":"ListItem","position":1,"name":"Home","item":"https:\/\/lousido.com\/"},{"@type":"ListItem","position":2,"name":"Propri\u00e9t\u00e9s"}]},{"@type":"WebSite","@id":"https:\/\/lousido.com\/#website","url":"https:\/\/lousido.com\/","name":"lousido.com","description":"Apartments and houses for rent in Yaound\u00e9, Douala, Bafoussam etc.","publisher":{"@id":"https:\/\/lousido.com\/#organization"},"potentialAction":[{"@type":"SearchAction","target":{"@type":"EntryPoint","urlTemplate":"https:\/\/lousido.com\/?s={search_term_string}"},"query-input":{"@type":"PropertyValueSpecification","valueRequired":true,"valueName":"search_term_string"}}],"inLanguage":"en-US"},{"@type":"Organization","@id":"https:\/\/lousido.com\/#organization","name":"lousido.com","url":"https:\/\/lousido.com\/","logo":{"@type":"ImageObject","inLanguage":"en-US","@id":"https:\/\/lousido.com\/#\/schema\/logo\/image\/","url":"https:\/\/lousido.com\/wp-content\/uploads\/2024\/04\/Logo-05-2.png","contentUrl":"https:\/\/lousido.com\/wp-content\/uploads\/2024\/04\/Logo-05-2.png","width":200,"height":53,"caption":"lousido.com"},"image":{"@id":"https:\/\/lousido.com\/#\/schema\/logo\/image\/"}}]}},"_links":{"self":[{"href":"https:\/\/lousido.com\/en\/wp-json\/wp\/v2\/pages\/15","targetHints":{"allow":["GET"]}}],"collection":[{"href":"https:\/\/lousido.com\/en\/wp-json\/wp\/v2\/pages"}],"about":[{"href":"https:\/\/lousido.com\/en\/wp-json\/wp\/v2\/types\/page"}],"author":[{"embeddable":true,"href":"https:\/\/lousido.com\/en\/wp-json\/wp\/v2\/users\/1"}],"replies":[{"embeddable":true,"href":"https:\/\/lousido.com\/en\/wp-json\/wp\/v2\/comments?post=15"}],"version-history":[{"count":4,"href":"https:\/\/lousido.com\/en\/wp-json\/wp\/v2\/pages\/15\/revisions"}],"predecessor-version":[{"id":2321,"href":"https:\/\/lousido.com\/en\/wp-json\/wp\/v2\/pages\/15\/revisions\/2321"}],"wp:featuredmedia":[{"embeddable":true,"href":"https:\/\/lousido.com\/en\/wp-json\/wp\/v2\/media\/458"}],"wp:attachment":[{"href":"https:\/\/lousido.com\/en\/wp-json\/wp\/v2\/media?parent=15"}],"curies":[{"name":"wp","href":"https:\/\/api.w.org\/{rel}","templated":true}]}}